{"id":335,"date":"2011-02-27T18:50:51","date_gmt":"2011-02-27T17:50:51","guid":{"rendered":"http:\/\/www.virtuellespielewelten.de\/?page_id=335"},"modified":"2014-06-29T09:54:43","modified_gmt":"2014-06-29T08:54:43","slug":"quellen-und-literaturverzeichnis","status":"publish","type":"page","link":"https:\/\/lordkhan.homelinux.org\/virtuellespielewelten\/?page_id=335","title":{"rendered":"Quellen- und Literaturverzeichnis"},"content":{"rendered":"<ul>\n<li>Achtenhagen, Frank\/u.a. [1992]: Lernhandeln in komplexen Situationen, Wiesbaden: Betriebswirtschaftlicher Verlag Dr. Gabler GmbH<\/li>\n<\/ul>\n<ul>\n<li>Bandte, Henning [2007]: Komplexit\u00e4t in Organisationen, 1. Auflage, Wiesbaden: Deutscher Universit\u00e4ts-Verlag | GWV Fachverlage GmbH<\/li>\n<\/ul>\n<ul>\n<li>Bevc, Tobias [2009]: \u201eVirtuelle Politik- und Gesellschaftsmodelle\u201c, in: Wie wir spielen, was wir werden \u2013 Computerspiele in unserer Gesellschaft; Bevc, Tobias\/Zapf, Holger (Hrsg.), 1. Auflage, Konstanz: UVK Verlagsgesellschaft mbH, S. 141-160<\/li>\n<\/ul>\n<ul>\n<li>Bortz, J\u00fcrgen\/D\u00f6ring, Nicola [2006]: Forschungsmethoden und Evaluation f\u00fcr Human- und Sozialwissenschaftler, 4., \u00fcberarbeitete Auflage, Heidelberg: Springer Medizin Verlag<\/li>\n<\/ul>\n<ul>\n<li>Csikszentmihalyi, Mihaly [2008]: flow \u2013 The Psychology of Optimal Experience, New York: HarperCollins Publishers<\/li>\n<\/ul>\n<ul>\n<li>D\u00f6rner, Dietrich [1994]: \u201e2. Die Untersuchungsmethode\u201c, in: Lohhausen \u2013 Vom Umgang mit Unbestimmtheit und Komplexit\u00e4t; D\u00f6rner, Dietrich\/Kreuzig, Heinz W.\/ Reither, Franz\/St\u00e4udel, Thea (Hrsg), Unver\u00e4nderter Nachdruck 1994 der 1. Auflage 1983, Bern: Verlag Hans Huber, S. 105-114<\/li>\n<\/ul>\n<ul>\n<li>D\u00f6rner, Dietrich\/Reh, Helmut\/St\u00e4udel, Thea [1994]: \u201e6. Die Erkl\u00e4rung des Verhaltens\u201c, in: Lohhausen \u2013 Vom Umgang mit Unbestimmtheit und Komplexit\u00e4t; D\u00f6rner, Dietrich\/Kreuzig, Heinz W.\/Reither, Franz\/St\u00e4udel, Thea (Hrsg), Unver\u00e4nderter Nachdruck 1994 der 1. Auflage 1983, Bern: Verlag Hans Huber, S. 397-448<\/li>\n<\/ul>\n<ul>\n<li>D\u00f6rner, Dietrich [2009]: Die Logik des Misslingens, 8. Auflage, Reinbeck bei Hamburg: Rowolth Verlag GmbH<\/li>\n<\/ul>\n<ul>\n<li>Duden [2006]: Duden \u2013 Deutsches Universalw\u00f6rterbuch, 6., \u00fcberarbeitete und erweiterte Auflage, Mannheim: Bibliographisches Institut &amp; F.A. Brockhaus AG<\/li>\n<\/ul>\n<ul>\n<li>Esser, Heike\/Witting, Tanja [1997]: \u201eTransferprozesse beim Computerspiel \u2013 Was aus der Welt des Computerspiels \u00fcbertragen wird\u201c\u201c, in: Handbuch Medien: Computerspiele; Fritz, J\u00fcrgen\/Fehr, Wolfgang (Hrsg.), 1. Auflage, Bonn: Bundeszentrale f\u00fcr politische Bildung, S. 247-261<\/li>\n<\/ul>\n<ul>\n<li>Frischknecht-Tobler, Ursula; Kunz, Patrick; Nagel, Ueli [2008]: \u201eSystemdenken \u2013 Begriffe, Konzepte und Definitionen\u201c, in: Systemdenken; Frischknecht-Tobler, Ursula\/Nagel, Ueli\/Seybold, Hansj\u00f6rg (Hrsg.), 1. Auflage, Z\u00fcrich: Verlag Pestalozzianum, S. 11-31<\/li>\n<\/ul>\n<ul>\n<li>Fritz, J\u00fcrgen [1997a]: \u201eZwischen Transfer und Transformation \u2013 \u00dcberlegungen zu einem Wirkungsmodell der virtuellen Welt\u201c, in: Handbuch Medien: Computerspiele; Fritz, J\u00fcrgen\/Fehr, Wolfgang (Hrsg.), 1. Auflage, Bonn: Bundeszentrale f\u00fcr politische Bildung, S. 229-246<\/li>\n<\/ul>\n<ul>\n<li>Fritz, J\u00fcrgen [1997b]: \u201eLebenswelt und Wirklichkeit\u201c, in: Handbuch Medien: Computerspiele; Fritz, J\u00fcrgen\/Fehr, Wolfgang (Hrsg.), 1. Auflage, Bonn: Bundeszentrale f\u00fcr politische Bildung, S. 13-30<\/li>\n<\/ul>\n<ul>\n<li>Fritz, J\u00fcrgen [2003]: \u201eGeschichtsverst\u00e4ndnis via Computerspiel \u2013 \u201aCivilization\u2019 simuliert Grundstrukturen historischer Prozesse\u201c, in: Computerspiele. Virtuelle Spiel- und Lernwelten; Fritz, J\u00fcrgen\/Fehr, Wolfgang (Hrsg.), Bonn: Bundeszentrale f\u00fcr politische Bildung; zur Verf\u00fcgung gestellt unter: http:\/\/www.bpb.de\/themen\/VNQ2NM.html, zuletzt aufgerufen am 12.07.2010<\/li>\n<\/ul>\n<ul>\n<li>Fritz, J\u00fcrgen [2004]: Das Spiel verstehen, 1. Auflage, Weinheim und M\u00fcnchen: Juventa Verlag<\/li>\n<\/ul>\n<ul>\n<li>Frank, Gerhard [2007]: \u201eLebenswelt\u201c, in: Fachlexikon der sozialen Arbeit; Deutscher Verein f\u00fcr \u00f6ffentliche und private F\u00fcrsorge e.V. (Hrsg.), 6. Auflage, Baden-Baden: Nomos Verlagsgesellschaft, S. 609<\/li>\n<\/ul>\n<ul>\n<li>Fromme, Johannes\/Biermann, Ralf [2009]: \u201eIdentit\u00e4tsbildung und politische Sozialisation\u201c, in: Wie wir spielen, was wir werden \u2013 Computerspiele in unserer Gesellschaft; Bevc, Tobias\/Zapf, Holger (Hrsg.), 1. Auflage, Konstanz: UVK Verlagsgesellschaft mbH, S. 113-138<\/li>\n<\/ul>\n<ul>\n<li>Galloway, Alexander R. [2007]: \u201eDen Code spielen. Allegorien der Kontrolle in Civilization\u201c, in: Escape! &#8211; Computerspiele als Kulturtechnik; Pias, Claus\/Holtorf, Christian (Hrsg.), K\u00f6ln\/Weimar\/Wien: B\u00f6hlau Verlag GmbH &amp; Cie.<\/li>\n<\/ul>\n<ul>\n<li>Grimm, Reinhard [2009]: Einfach komplex \u2013 Neue Herausforderungen im Projektmanagement, 1. Auflage, Wiesbaden: VS Verlag f\u00fcr Sozialwissenschaften | GWV Fachverlage GmbH<\/li>\n<\/ul>\n<ul>\n<li>Gr\u00fcninger, Helmut\/Quandt, Thorsten\/Wimmer, Jeffrey [2009]: \u201eGeneration 35 Plus \u2013 Eine explorative Interviewstudie zu den Spezifika \u00e4lterer Computerspieler\u201c, in: Die Computerspieler; Quandt, Thorsten\/Wimmer, Jeffrey\/Wolling, Jens (Hrsg.), 2. Auflage, Wiesbaden: VS Verlag f\u00fcr Sozialwissenschaften | GWV Fachverlage GmbH, S. 113-134<\/li>\n<\/ul>\n<ul>\n<li>Gee, James Paul [2007]: What video games have to teach us about learning and literacy, revised and updated edition, New York: Palgrave MacMillan<\/li>\n<\/ul>\n<ul>\n<li>Geisler, Martin [2009]: Clans, Gilden und Gamefamilies, 1. Auflage, Weinheim und M\u00fcnchen: Juventa Verlag<\/li>\n<\/ul>\n<ul>\n<li>Krotz, Friedrich [2009]: \u201eComputerspiele als neuer Kommunikationstypus \u2013 Interaktive Kommunikation als Zugang zu komplexen Welten\u201c, in: Die Computerspieler; Quandt, Thorsten\/Wimmer, Jeffrey\/Wolling, Jens (Hrsg.), 2. Auflage, Wiesbaden: VS Verlag f\u00fcr Sozialwissenschaften | GWV Fachverlage GmbH, S. 25-40<\/li>\n<\/ul>\n<ul>\n<li>Kuckartz, Udo\/Ebert, Thomas\/R\u00e4diker, Stefan\/Stefer, Claus [2009]: Evaluation online \u2013 Internetgest\u00fctzte Befragung in der Praxis, 1. Auflage, Wiesbaden: VS Verlag f\u00fcr Sozialwissenschaften | GWV Fachverlage GmbH<\/li>\n<\/ul>\n<ul>\n<li>Medienp\u00e4dagogischer Forschungsverbund S\u00fcdwest (Hrsg.) [2000]: JIM-Studie 2000 \u2013 Jugend, Information, (Multi-) Media, Baden-Baden: mpfs<\/li>\n<\/ul>\n<ul>\n<li>Medienp\u00e4dagogischer Forschungsverbund S\u00fcdwest (Hrsg.) [2009]: JIM-Studie 2009 \u2013 Jugend, Information, (Multi-) Media, Stuttgart: mpfs<\/li>\n<\/ul>\n<ul>\n<li>Medienp\u00e4dagogischer Forschungsverbund S\u00fcdwest (Hrsg.) [2008]: KIM-Studie 2008 \u2013 Kinder + Medien, Computer + Internet, Stuttgart: mpfs<\/li>\n<\/ul>\n<ul>\n<li>Oberschelp, Walter\/Vossen, Gottfried [2006]: Rechneraufbau und Rechnerstrukturen; 10. Auflage, M\u00fcnchen: Oldenbourg Wissenschaftsverlag<\/li>\n<\/ul>\n<ul>\n<li>Pohlmann, Horst [2007]: \u201e\u00dcberw\u00e4ltigt von der Spieleflut? \u2013 Genrekunde\u201c, in: Basiswissen Computer- und Videospiele; Kaminski, Winfried\/Witting, Tanja (Hrsg.), 1. Auflage, M\u00fcnchen: kopaed, S. 9-16<\/li>\n<\/ul>\n<ul>\n<li>Porst, Rolf [2009]: Fragebogen \u2013 Ein Arbeitsbuch, 2. Auflage, Wiesbaden: VS Verlag f\u00fcr Sozialwissenschaften | GWV Fachverlage GmbH<\/li>\n<\/ul>\n<ul>\n<li>Runkel, Wolfram [1997]: \u201eDas Schach-Duell: Kasparow und der Mann in der Rechenmaschine\u201c, in: Die Zeit vom 16.05.1997<\/li>\n<\/ul>\n<ul>\n<li>Wimmer, Jeffrey\/Quandt, Thorsten\/Vogel, Kristin [2009]: \u201eTeamplay, Clanhopping und Wallhacker \u2013 Eine explorative Analyse des Computerspielens in Clans\u201c, in: Die Computerspieler; Quandt, Thorsten\/Wimmer, Jeffrey\/Wolling, Jens (Hrsg.), 2. Auflage, Wiesbaden: VS Verlag f\u00fcr Sozialwissenschaften | GWV Fachverlage GmbH, S. 149-167<\/li>\n<\/ul>\n<ul>\n<li>Witting, Tanja [2007]: Wie Computerspiele uns beeinflussen, 1. Auflage, M\u00fcnchen: kopaed<\/li>\n<\/ul>\n<h4>Internetquellen<\/h4>\n<ul>\n<li>4Players.de [2010]: Civilization V \u2013 News vom 16.06.2010, <a href=\"http:\/\/www.4players.de\/4players.php\/spielinfonews\/Allgemein\/21378\/2018879\/\" target=\"_new\">http:\/\/www.4players.de\/4players.php\/spielinfonews\/Allgemein\/21378\/2018879<\/a>;, zuletzt aufgerufen am 27.02.2011<\/li>\n<\/ul>\n<ul>\n<li>CIA (Central Intelligence Agency): The World Factbook: Country Comparison: Internet Users, <a href=\"https:\/\/www.cia.gov\/library\/publications\/the-world-factbook\/rankorder\/2153rank.html\" target=\"_new\">https:\/\/www.cia.gov\/library\/publications\/the-world-factbook\/rankorder\/2153rank.html<\/a>, zuletzt aufgerufen am 27.02.2011<\/li>\n<\/ul>\n<ul>\n<li>Civilization Forum: Infothread zum Civ IV &#8211; DemocracyGame II, <a href=\"http:\/\/civforum.de\/showthread.php?t=61293\" target=\"_new\">http:\/\/civforum.de\/showthread.php?t=61293<\/a>, zuletzt aufgerufen am 27.02.2011<\/li>\n<\/ul>\n<ul>\n<li>Civilization Fanatics Center: Civilization IV: Civilizations, <a href=\"http:\/\/www.civfanatics.com\/civ4\/info\/civilizations\" target=\"_new\">http:\/\/www.civfanatics.com\/civ4\/info\/civilizations<\/a>, zuletzt aufgerufen am 24.02.2011<\/li>\n<\/ul>\n<ul>\n<li>Civilization Fanatics Center: Civilization IV: Online Civilopedia, <a href=\"http:\/\/www.civfanatics.com\/civ4\/civilopedia\" target=\"_new\">http:\/\/www.civfanatics.com\/civ4\/civilopedia<\/a>, zuletzt aufgerufen am 27.02.2011<\/li>\n<\/ul>\n<ul>\n<li>Civilization Fanatics Center: Civilization IV: City Improvements, <a href=\"http:\/\/www.civfanatics.com\/civ4\/info\/improvements\" target=\"_new\">http:\/\/www.civfanatics.com\/civ4\/info\/improvements<\/a>, zuletzt aufgerufen am 27.02.2011<\/li>\n<\/ul>\n<ul>\n<li>Civilized.de [2010]: Civilization V \u2013 \u00dcbersicht, <a href=\"http:\/\/civilized.de\/www\/content\/index.php?cat=civ5_features\" target=\"_new\">http:\/\/civilized.de\/www\/content\/index.php?cat=civ5_features<\/a>, zuletzt aufgerufen am 27.02.2011<\/li>\n<\/ul>\n<ul>\n<li>The Economist [2010]: War in the fifth domain, <a href=\"http:\/\/www.economist.com\/node\/16478792?story_id=16478792\" target=\"_new\">http:\/\/www.economist.com\/node\/16478792?story_id=16478792<\/a>, zuletzt aufgerufen am 27.02.2011<\/li>\n<\/ul>\n<ul>\n<li>Facebook: <a href=\"http:\/\/www.facebook.de\" target=\"_new\">http:\/\/www.facebook.de<\/a>, zuletzt aufgerufen am 27.02.2011<\/li>\n<\/ul>\n<ul>\n<li>Firaxis Games: Educators, <a href=\"http:\/\/firaxis.com\/educators\/\" target=\"_new\">http:\/\/firaxis.com\/educators\/<\/a>, zuletzt aufgerufen am 27.02.2011<\/li>\n<\/ul>\n<ul>\n<li>Firaxis Games: Sid Meier\u2019s Civilization Revolution, <a href=\"http:\/\/firaxis.com\/games\/game_detail.php?gameid=17\" target=\"_new\">http:\/\/firaxis.com\/games\/game_detail.php?gameid=17<\/a>, zuletzt aufgerufen am 27.02.2011<\/li>\n<\/ul>\n<ul>\n<li>Gabler Verlag (Hrsg.) [2010]: Gabler Wirtschaftslexikon, <a href=\"http:\/\/wirtschaftslexikon.gabler.de\/Archiv\/6406\/globalisierung-v9.html\" target=\"_new\">http:\/\/wirtschaftslexikon.gabler.de\/Archiv\/6406\/globalisierung-v9.html<\/a>, zuletzt aufgerufen am 27.02.2011<\/li>\n<\/ul>\n<ul>\n<li>Gesellschaft f\u00fcr deutsche Sprache (GfdS) [2010]: Wort des Jahres, <a href=\"http:\/\/www.gfds.de\/index.php?id=11\" target=\"_new\">http:\/\/www.gfds.de\/index.php?id=11<\/a>, zuletzt aufgerufen am 27.02.2011<\/li>\n<\/ul>\n<ul>\n<li>Interactive Software Federation of Europe [2010]: Video Gamers in Europe 2010, Br\u00fcssel: Interactive Software Federation of Europe (abrufbar unter: <a href=\"http:\/\/www.isfe-eu.org\/index.php?oidit=T001:662b16536388a7260921599321365911\" target=\"_new\">http:\/\/www.isfe-eu.org\/index.php?oidit=T001:662b16536388a7260921599321365911<\/a>, zuletzt aufgerufen am 27.02.2011)<\/li>\n<\/ul>\n<ul>\n<li>Spiegel [2010]: USA verlangen von Peking Erkl\u00e4rung zu Attacken auf Google, <a href=\"http:\/\/www.spiegel.de\/netzwelt\/netzpolitik\/0,1518,671636,00.html\" target=\"_new\">http:\/\/www.spiegel.de\/netzwelt\/netzpolitik\/0,1518,671636,00.html<\/a>, zuletzt aufgerufen am 27.02.2011<\/li>\n<\/ul>\n<ul>\n<li>Statistisches Bundesamt Deutschland [2009]: Pressemitteilung Nr. 464 vom 03.12.2009, <a href=\"http:\/\/www.destatis.de\/jetspeed\/portal\/cms\/Sites\/destatis\/Internet\/DE\/Presse\/pm\/2009\/12\/PD09__464__IKT.psml\" target=\"_new\">http:\/\/www.destatis.de\/jetspeed\/portal\/cms\/Sites\/destatis\/Internet\/DE\/Presse\/pm\/2009\/12\/PD09__464__IKT.psml<\/a>, zuletzt aufgerufen am 27.02.2011<\/li>\n<\/ul>\n<ul>\n<li>StudiVZ: <a href=\"http:\/\/www.studivz.net\" target=\"_new\">http:\/\/www.studivz.net<\/a>, zuletzt aufgerufen am 27.02.2011<\/li>\n<\/ul>\n<ul>\n<li>Umfrage zu dieser Untersuchung (deutsch): <a href=\"http:\/\/fragenzumspiel.de\/civ4\/deutsch.html\" target=\"_new\">http:\/\/fragenzumspiel.de\/civ4\/deutsch.html<\/a>, zuletzt aufgerufen am 27.02.2011<\/li>\n<\/ul>\n<ul>\n<li>Umfrage zu dieser Untersuchung (englisch): <a href=\"http:\/\/civsurvey.com\/civ4\/english.html\" target=\"_new\">http:\/\/civsurvey.com\/civ4\/english.html<\/a>, zuletzt aufgerufen am 27.02.2011<\/li>\n<\/ul>\n<ul>\n<li>VERBI Software. Consult. Sozialforschung. GmbH [2010]: <a href=\"http:\/\/www.maxqda.de\" target=\"_new\">http:\/\/www.maxqda.de<\/a>, zuletzt aufgerufen am 27.02.2011<\/li>\n<\/ul>\n<ul>\n<li>Webhits [2010]: Web-Barometer, <a href=\"http:\/\/www.webhits.de\/deutsch\/index.shtml?webstats.html\" target=\"_new\">http:\/\/www.webhits.de\/deutsch\/index.shtml?webstats.html<\/a>, zuletzt aufgerufen am 27.02.2011<\/li>\n<\/ul>\n<ul>\n<li>Wikipedia [2010]: Micromanagement, <a href=\"http:\/\/de.wikipedia.org\/wiki\/Micromanagement\" target=\"_new\">http:\/\/de.wikipedia.org\/wiki\/Micromanagement<\/a>, zuletzt aufgerufen am 27.02.2011<\/li>\n<\/ul>\n<hr size=\"1\" \/>\n","protected":false},"excerpt":{"rendered":"<p>Achtenhagen, Frank\/u.a. [1992]: Lernhandeln in komplexen Situationen, Wiesbaden: Betriebswirtschaftlicher Verlag Dr. Gabler GmbH Bandte, Henning [2007]: Komplexit\u00e4t in Organisationen, 1. Auflage, Wiesbaden: Deutscher Universit\u00e4ts-Verlag | GWV Fachverlage GmbH Bevc, Tobias [2009]: \u201eVirtuelle Politik- und Gesellschaftsmodelle\u201c, in: Wie wir spielen, was &hellip; <a href=\"https:\/\/lordkhan.homelinux.org\/virtuellespielewelten\/?page_id=335\">Continue reading <span class=\"meta-nav\">&rarr;<\/span><\/a><\/p>\n","protected":false},"author":1,"featured_media":0,"parent":15,"menu_order":7,"comment_status":"closed","ping_status":"closed","template":"","meta":{"footnotes":""},"class_list":["post-335","page","type-page","status-publish","hentry"],"_links":{"self":[{"href":"https:\/\/lordkhan.homelinux.org\/virtuellespielewelten\/index.php?rest_route=\/wp\/v2\/pages\/335","targetHints":{"allow":["GET"]}}],"collection":[{"href":"https:\/\/lordkhan.homelinux.org\/virtuellespielewelten\/index.php?rest_route=\/wp\/v2\/pages"}],"about":[{"href":"https:\/\/lordkhan.homelinux.org\/virtuellespielewelten\/index.php?rest_route=\/wp\/v2\/types\/page"}],"author":[{"embeddable":true,"href":"https:\/\/lordkhan.homelinux.org\/virtuellespielewelten\/index.php?rest_route=\/wp\/v2\/users\/1"}],"replies":[{"embeddable":true,"href":"https:\/\/lordkhan.homelinux.org\/virtuellespielewelten\/index.php?rest_route=%2Fwp%2Fv2%2Fcomments&post=335"}],"version-history":[{"count":9,"href":"https:\/\/lordkhan.homelinux.org\/virtuellespielewelten\/index.php?rest_route=\/wp\/v2\/pages\/335\/revisions"}],"predecessor-version":[{"id":455,"href":"https:\/\/lordkhan.homelinux.org\/virtuellespielewelten\/index.php?rest_route=\/wp\/v2\/pages\/335\/revisions\/455"}],"up":[{"embeddable":true,"href":"https:\/\/lordkhan.homelinux.org\/virtuellespielewelten\/index.php?rest_route=\/wp\/v2\/pages\/15"}],"wp:attachment":[{"href":"https:\/\/lordkhan.homelinux.org\/virtuellespielewelten\/index.php?rest_route=%2Fwp%2Fv2%2Fmedia&parent=335"}],"curies":[{"name":"wp","href":"https:\/\/api.w.org\/{rel}","templated":true}]}}