{"id":2,"date":"2011-01-20T16:16:46","date_gmt":"2011-01-20T15:16:46","guid":{"rendered":"http:\/\/fragenzumspiel.de\/games-wp\/?page_id=2"},"modified":"2011-03-16T21:22:20","modified_gmt":"2011-03-16T20:22:20","slug":"about","status":"publish","type":"page","link":"https:\/\/lordkhan.homelinux.org\/virtuellespielewelten\/?page_id=2","title":{"rendered":"\u00dcber diese Seite"},"content":{"rendered":"<p>Im Rahmen meines Studiums zum BA Soziale Arbeit an der FH K\u00f6ln befasste ich mich u.a. mit dem Thema &#8220;<a title=\"Institut f\u00fcr Medienforschung der FH K\u00f6ln; leider wird der Internetauftritt des Instituts nicht regelm\u00e4\u00dfig aktualisiert\" href=\"http:\/\/www.f01.fh-koeln.de\/fakultaet\/institute\/imm\/index.html\" target=\"_blank\">Virtuelle Spielwelten<\/a>&#8220;. Wie der Name vermuten l\u00e4sst, wurde im zugeh\u00f6rigen Seminar \u00fcber Video- und Computerspiele und deren Einfluss auf Menschen gesprochen. Dabei lag das Interesse nicht nur auf den oftmals kritisierten &#8220;Ballerspielen&#8221;, sondern auch auf s\u00e4mtlichen anderen Genres. Aus diesem Grund befasste ich mich auch in meiner <a title=\"Vorstellung der Arbeit\" href=\"https:\/\/lordkhan.homelinux.org\/virtuellespielewelten\/?page_id=15\">BA-Thesis<\/a> (die Abschlussarbeit) mit diesem Thema und analysierte das Computerspiel <a title=\"2kgames Webseite \u00fcber Civ IV\" href=\"http:\/\/www.2kgames.com\/civ4\/\" target=\"_blank\">Civilization IV<\/a>. Hierzu f\u00fchrte ich eine Untersuchung innerhalb der Spielerszene durch, deren Ergebnisse ihr hier nachlesen k\u00f6nnt. Ich m\u00f6chte hier jedoch nicht nur meine Untersuchung sondern auch andere Themen vorstellen. Der Schwerpunkt liegt dabei auf den virtuellen (Spiele-)Welten, allerdings nicht nur auf einer rein wissenschaftlichen Ebene: Raum f\u00fcr interessante oder lustige Inhalte wird es ebenso geben wie Vorstellungen von Projekten \u2013 eben alles, was sich um virtuelle Welten dreht! Kritik und Diskussionen sind hierbei willkommen. Gleiches gilt f\u00fcr Fragen und Anregungen. Also macht mit!<\/p>\n<p>Bitte beachtet bzgl. der Nutzung der hier ver\u00f6ffentlichten Inhalte das <a title=\"Impressum\" href=\"https:\/\/lordkhan.homelinux.org\/virtuellespielewelten\/?page_id=46\">Impressum<\/a>!<\/p>\n","protected":false},"excerpt":{"rendered":"<p>Im Rahmen meines Studiums zum BA Soziale Arbeit an der FH K\u00f6ln befasste ich mich u.a. mit dem Thema &#8220;Virtuelle Spielwelten&#8220;. Wie der Name vermuten l\u00e4sst, wurde im zugeh\u00f6rigen Seminar \u00fcber Video- und Computerspiele und deren Einfluss auf Menschen gesprochen. &hellip; <a href=\"https:\/\/lordkhan.homelinux.org\/virtuellespielewelten\/?page_id=2\">Continue reading <span class=\"meta-nav\">&rarr;<\/span><\/a><\/p>\n","protected":false},"author":1,"featured_media":0,"parent":0,"menu_order":0,"comment_status":"closed","ping_status":"closed","template":"onecolumn-page.php","meta":{"footnotes":""},"class_list":["post-2","page","type-page","status-publish","hentry"],"_links":{"self":[{"href":"https:\/\/lordkhan.homelinux.org\/virtuellespielewelten\/index.php?rest_route=\/wp\/v2\/pages\/2","targetHints":{"allow":["GET"]}}],"collection":[{"href":"https:\/\/lordkhan.homelinux.org\/virtuellespielewelten\/index.php?rest_route=\/wp\/v2\/pages"}],"about":[{"href":"https:\/\/lordkhan.homelinux.org\/virtuellespielewelten\/index.php?rest_route=\/wp\/v2\/types\/page"}],"author":[{"embeddable":true,"href":"https:\/\/lordkhan.homelinux.org\/virtuellespielewelten\/index.php?rest_route=\/wp\/v2\/users\/1"}],"replies":[{"embeddable":true,"href":"https:\/\/lordkhan.homelinux.org\/virtuellespielewelten\/index.php?rest_route=%2Fwp%2Fv2%2Fcomments&post=2"}],"version-history":[{"count":18,"href":"https:\/\/lordkhan.homelinux.org\/virtuellespielewelten\/index.php?rest_route=\/wp\/v2\/pages\/2\/revisions"}],"predecessor-version":[{"id":552,"href":"https:\/\/lordkhan.homelinux.org\/virtuellespielewelten\/index.php?rest_route=\/wp\/v2\/pages\/2\/revisions\/552"}],"wp:attachment":[{"href":"https:\/\/lordkhan.homelinux.org\/virtuellespielewelten\/index.php?rest_route=%2Fwp%2Fv2%2Fmedia&parent=2"}],"curies":[{"name":"wp","href":"https:\/\/api.w.org\/{rel}","templated":true}]}}