{"id":15,"date":"2011-01-20T12:52:24","date_gmt":"2011-01-20T11:52:24","guid":{"rendered":"http:\/\/fragenzumspiel.de\/games-wp\/?page_id=15"},"modified":"2016-05-19T18:43:22","modified_gmt":"2016-05-19T17:43:22","slug":"civilization-iv-umfrage","status":"publish","type":"page","link":"https:\/\/lordkhan.homelinux.org\/virtuellespielewelten\/?page_id=15","title":{"rendered":"Civilization IV Umfrage"},"content":{"rendered":"<p>Im Rahmen meiner BA-Thesis an der FH K\u00f6ln habe ich in diesem Sommer eine Untersuchung \u00fcber das Spiel Civilization IV durchgef\u00fchrt. Die Idee dahinter war die Frage, ob Civilization IV ein komplexes System darstellt und ob das Spiel M\u00f6glichkeiten bietet, komplexe Systeme n\u00e4herzubringen. Hintergrund dieser Frage waren die Forschungen von Dietrich D\u00f6rner und J\u00fcrgen Fritz. D\u00f6rner befasste sich mit komplexen Situationen und dem Verhalten von Menschen in selbigen, oft durch Computerprogramme simuliert. Fritz hat ein Modell aufgestellt, durch das die verschieden gearteten Wirkungen u.a. von Computerspielen eingeteilt und beurteilt werden k\u00f6nnen. Mehr zur Theorie erfahrt ihr sp\u00e4ter.<\/p>\n<p>Die Abfolge der Vorstellung ist analog der Abfolge der Fragen im Fragebogen gestaltet. Nach der <a title=\"Zusammenfassung der Ergebnisse\" href=\"https:\/\/lordkhan.homelinux.org\/virtuellespielewelten\/?page_id=23\" target=\"_self\">Zusammenfassung<\/a> werden zuerst die reinen Zahlen ohne Kommentar abgebildet. Anschlie\u00dfend (zu einem sp\u00e4teren Zeitpunkt) werden interessante Aspekte beschrieben und Antworten der Befragten pr\u00e4sentiert. Vorab stelle ich allerdings den <a href=\"https:\/\/lordkhan.homelinux.org\/virtuellespielewelten\/?page_id=111\" title=\"Theoretischer Hintergrund\" target=\"_self\">Theoretischen Hintergrund<\/a> dieser Arbeit vor, gefolgt von der <a href=\"https:\/\/lordkhan.homelinux.org\/virtuellespielewelten\/?page_id=273\" target=\"_self\" title=\"Civilization IV: Ein komplexes Spiel?\">Analyse des Spiels<\/a>. Daran schlie\u00dft sich die <a href=\"https:\/\/lordkhan.homelinux.org\/virtuellespielewelten\/?page_id=102\" title=\"Beschreibung der Untersuchung\" target=\"_self\">Beschreibung der Untersuchung<\/a> (dem Ablauf) an.<\/p>\n<p><strong>Zur Anzahl der Teilnehmer:<\/strong><\/p>\n<p>An der <a title=\"Link zur Umfrage\" href=\"http:\/\/fragenzumspiel.de\/civ4\/deutsch.html\" target=\"_blank\">Umfrage<\/a> haben insgesamt 337 Personen teilgenommen. Vollst\u00e4ndig ausgef\u00fcllt wurden 248 Frageb\u00f6gen, sodass sich eine Beantwortungsquote von 73,6 % ergibt (gemessen an angefangenen und abgeschlossenen Frageb\u00f6gen). Die durchschnittliche Beantwortungszeit liegt bei 15,2 Minuten. Zu beachten ist allerdings, dass lediglich Start- und Endzeit einer Befragung erfasst werden. Ob der Befragte tats\u00e4chlich die ganze Zeit den Fragebogen beantwortet hat, kann nicht mit Sicherheit gesagt werden. Die Prozentangaben sind bis auf die erste Nachkommastelle gerundet angegeben.<\/p>\n<p><strong>Aufbau der quantitativen Ergebnisse:<\/strong><\/p>\n<p><a title=\"1. Zusammensetzung der Befragten\" href=\"https:\/\/lordkhan.homelinux.org\/virtuellespielewelten\/?page_id=18\" target=\"_self\">1. Zusammensetzung der Befragten<\/a><br \/>\n<a title=\"2. Fragen zu Civ IV\" href=\"https:\/\/lordkhan.homelinux.org\/virtuellespielewelten\/?page_id=72\" target=\"_self\">2. Fragen zu Civ IV<\/a><br \/>\n<a title=\"3. Fragen zur Spielkomplexit\u00e4t\" href=\"https:\/\/lordkhan.homelinux.org\/virtuellespielewelten\/?page_id=82\" target=\"_self\">3. Fragen zur Spielkomplexit\u00e4t<\/a><br \/>\n<a title=\"4. Fragen zur Strategie\" href=\"https:\/\/lordkhan.homelinux.org\/virtuellespielewelten\/?page_id=87\" target=\"_self\">4. Fragen zur Strategie<\/a><br \/>\n<a title=\"5. Fragen zur Planung\" href=\"https:\/\/lordkhan.homelinux.org\/virtuellespielewelten\/?page_id=93\" target=\"_self\">5. Fragen zur Planung<\/a><br \/>\n<a title=\"6. Abseits des Spiels\" href=\"https:\/\/lordkhan.homelinux.org\/virtuellespielewelten\/?page_id=98\" target=\"_self\">6. Abseits des Spiels<\/a><\/p>\n<p>Alle Ergebnisse sind in Tabellenform pr\u00e4sentiert und werden teilweise durch einen Graphen erg\u00e4nzt. Sollte der Wunsch bestehen, dass f\u00fcr alle Zahlen auch Graphen erstellt werden, so teilt mir das einfach mit (per <a href=\"mailto:info@virtuellespielewelten.de\">E-Mail<\/a> oder Kommentar) und ich f\u00fcge sie bei. Bei manchen Fragen stehen zwei Prozentwerte: der erste Wert betrachtet die Anzahl derer, die diese Frage tats\u00e4chlich beantwortet haben (meist, weil die Frage nur unter bestimmten Voraussetzungen angezeigt wird), der zweite Wert bezieht sich auf die Gesamtzahl derer, die mitgemacht haben (<em>n=248<\/em>).<\/p>\n<p><strong>Eine Bitte in eigener Sache:<\/strong><\/p>\n<p>Die Ergebnisse k\u00f6nnen gerne weiter genutzt werden, sofern als Quelle diese Seite inkl. Autor angegeben wird. Beachtet hierzu das <a title=\"Impressum\" href=\"https:\/\/lordkhan.homelinux.org\/virtuellespielewelten\/?page_id=46\">Impressum<\/a>!<\/p>\n<hr size=\"1\" \/>\n","protected":false},"excerpt":{"rendered":"<p>Im Rahmen meiner BA-Thesis an der FH K\u00f6ln habe ich in diesem Sommer eine Untersuchung \u00fcber das Spiel Civilization IV durchgef\u00fchrt. Die Idee dahinter war die Frage, ob Civilization IV ein komplexes System darstellt und ob das Spiel M\u00f6glichkeiten bietet, &hellip; <a href=\"https:\/\/lordkhan.homelinux.org\/virtuellespielewelten\/?page_id=15\">Continue reading <span class=\"meta-nav\">&rarr;<\/span><\/a><\/p>\n","protected":false},"author":1,"featured_media":0,"parent":0,"menu_order":0,"comment_status":"closed","ping_status":"closed","template":"","meta":{"footnotes":""},"class_list":["post-15","page","type-page","status-publish","hentry"],"_links":{"self":[{"href":"https:\/\/lordkhan.homelinux.org\/virtuellespielewelten\/index.php?rest_route=\/wp\/v2\/pages\/15","targetHints":{"allow":["GET"]}}],"collection":[{"href":"https:\/\/lordkhan.homelinux.org\/virtuellespielewelten\/index.php?rest_route=\/wp\/v2\/pages"}],"about":[{"href":"https:\/\/lordkhan.homelinux.org\/virtuellespielewelten\/index.php?rest_route=\/wp\/v2\/types\/page"}],"author":[{"embeddable":true,"href":"https:\/\/lordkhan.homelinux.org\/virtuellespielewelten\/index.php?rest_route=\/wp\/v2\/users\/1"}],"replies":[{"embeddable":true,"href":"https:\/\/lordkhan.homelinux.org\/virtuellespielewelten\/index.php?rest_route=%2Fwp%2Fv2%2Fcomments&post=15"}],"version-history":[{"count":40,"href":"https:\/\/lordkhan.homelinux.org\/virtuellespielewelten\/index.php?rest_route=\/wp\/v2\/pages\/15\/revisions"}],"predecessor-version":[{"id":765,"href":"https:\/\/lordkhan.homelinux.org\/virtuellespielewelten\/index.php?rest_route=\/wp\/v2\/pages\/15\/revisions\/765"}],"wp:attachment":[{"href":"https:\/\/lordkhan.homelinux.org\/virtuellespielewelten\/index.php?rest_route=%2Fwp%2Fv2%2Fmedia&parent=15"}],"curies":[{"name":"wp","href":"https:\/\/api.w.org\/{rel}","templated":true}]}}